{"id":36,"date":"2018-05-11T23:23:28","date_gmt":"2018-05-11T23:23:28","guid":{"rendered":"http:\/\/wotzka.net\/?page_id=36"},"modified":"2023-10-13T15:39:41","modified_gmt":"2023-10-13T15:39:41","slug":"kontakt","status":"publish","type":"page","link":"https:\/\/wotzka.net\/?page_id=36","title":{"rendered":"Kontakt"},"content":{"rendered":"<p><strong>Postanschrift:<\/strong><\/p>\n<p>Bernhard und Wolfgang Wotzka GbR<br \/>\nWe\u00dflinger Stra\u00dfe 36<br \/>\n82205 Gilching<\/p>\n<p>Tel.: 08152-3047591<br \/>\nFax: 08152-3047592<\/p>\n<p>Email: info@wotzka.net<\/p>\n<p><strong>Warenr\u00fccksendung:<\/strong><\/p>\n<p>Bernhard und Wolfgang Wotzka GbR<br \/>\nPirmaterstr. 4<br \/>\n81375 M\u00fcnchen<\/p>\n","protected":false},"excerpt":{"rendered":"<p>Postanschrift: Bernhard und Wolfgang Wotzka GbR We\u00dflinger Stra\u00dfe 36 82205 Gilching Tel.: 08152-3047591 Fax: 08152-3047592 Email: info@wotzka.net Warenr\u00fccksendung: Bernhard und Wolfgang Wotzka GbR Pirmaterstr. 4 81375 M\u00fcnchen<\/p>\n","protected":false},"author":1,"featured_media":0,"parent":0,"menu_order":0,"comment_status":"closed","ping_status":"closed","template":"","meta":{"footnotes":""},"class_list":["post-36","page","type-page","status-publish","hentry"],"_links":{"self":[{"href":"https:\/\/wotzka.net\/index.php?rest_route=\/wp\/v2\/pages\/36","targetHints":{"allow":["GET"]}}],"collection":[{"href":"https:\/\/wotzka.net\/index.php?rest_route=\/wp\/v2\/pages"}],"about":[{"href":"https:\/\/wotzka.net\/index.php?rest_route=\/wp\/v2\/types\/page"}],"author":[{"embeddable":true,"href":"https:\/\/wotzka.net\/index.php?rest_route=\/wp\/v2\/users\/1"}],"replies":[{"embeddable":true,"href":"https:\/\/wotzka.net\/index.php?rest_route=%2Fwp%2Fv2%2Fcomments&post=36"}],"version-history":[{"count":17,"href":"https:\/\/wotzka.net\/index.php?rest_route=\/wp\/v2\/pages\/36\/revisions"}],"predecessor-version":[{"id":157,"href":"https:\/\/wotzka.net\/index.php?rest_route=\/wp\/v2\/pages\/36\/revisions\/157"}],"wp:attachment":[{"href":"https:\/\/wotzka.net\/index.php?rest_route=%2Fwp%2Fv2%2Fmedia&parent=36"}],"curies":[{"name":"wp","href":"https:\/\/api.w.org\/{rel}","templated":true}]}}