{"id":21,"date":"2018-05-11T22:50:52","date_gmt":"2018-05-11T22:50:52","guid":{"rendered":"http:\/\/wotzka.net\/?page_id=21"},"modified":"2018-05-24T08:27:59","modified_gmt":"2018-05-24T08:27:59","slug":"willkommen","status":"publish","type":"page","link":"https:\/\/wotzka.net\/","title":{"rendered":"\u00a0\u00a0\u00a0\u00a0Willkommen bei der B&#038;W Wotzka GbR"},"content":{"rendered":"<p>Wir bieten professionelle IT Dienstleistungen und individuelle L\u00f6sungen f\u00fcr Ihr Unternehmen.<\/p>\n<ul>\n<li>unterst\u00fctzen Sie zu allen Fragen rund um das Thema Elektronische Datenverarbeitung und Telekommunikation<\/li>\n<\/ul>\n<ul>\n<li style=\"text-align: left;\">k\u00fcmmern uns um die Wartung und Pflege Ihrer EDV Systeme<\/li>\n<\/ul>\n<ul>\n<li>sorgen f\u00fcr einen st\u00f6rungsfreien Ablauf Ihrer Gesch\u00e4ftsanwendungen<\/li>\n<\/ul>\n<p>Unsere Dienstleistungen reichen von der Beschaffung \u00fcber die Installation bis zur Wartung<\/p>\n<p>Ihrer EDV und TK Systeme.<\/p>\n<p>Schnelle Reaktionszeiten und qualitative Arbeiten sind f\u00fcr uns genauso selbstverst\u00e4ndlich<\/p>\n<p>wie ein gutes Verh\u00e4ltnis zu unseren Auftraggebern.<\/p>\n","protected":false},"excerpt":{"rendered":"<p>Wir bieten professionelle IT Dienstleistungen und individuelle L\u00f6sungen f\u00fcr Ihr Unternehmen. unterst\u00fctzen Sie zu allen Fragen rund um das Thema Elektronische Datenverarbeitung und Telekommunikation k\u00fcmmern uns um die Wartung und Pflege Ihrer EDV Systeme sorgen f\u00fcr einen st\u00f6rungsfreien Ablauf Ihrer Gesch\u00e4ftsanwendungen Unsere Dienstleistungen reichen von der Beschaffung \u00fcber die Installation bis zur Wartung Ihrer EDV und TK Systeme. Schnelle Reaktionszeiten&hellip;<\/p>\n","protected":false},"author":1,"featured_media":0,"parent":0,"menu_order":0,"comment_status":"closed","ping_status":"closed","template":"","meta":{"footnotes":""},"class_list":["post-21","page","type-page","status-publish","hentry"],"_links":{"self":[{"href":"https:\/\/wotzka.net\/index.php?rest_route=\/wp\/v2\/pages\/21","targetHints":{"allow":["GET"]}}],"collection":[{"href":"https:\/\/wotzka.net\/index.php?rest_route=\/wp\/v2\/pages"}],"about":[{"href":"https:\/\/wotzka.net\/index.php?rest_route=\/wp\/v2\/types\/page"}],"author":[{"embeddable":true,"href":"https:\/\/wotzka.net\/index.php?rest_route=\/wp\/v2\/users\/1"}],"replies":[{"embeddable":true,"href":"https:\/\/wotzka.net\/index.php?rest_route=%2Fwp%2Fv2%2Fcomments&post=21"}],"version-history":[{"count":12,"href":"https:\/\/wotzka.net\/index.php?rest_route=\/wp\/v2\/pages\/21\/revisions"}],"predecessor-version":[{"id":118,"href":"https:\/\/wotzka.net\/index.php?rest_route=\/wp\/v2\/pages\/21\/revisions\/118"}],"wp:attachment":[{"href":"https:\/\/wotzka.net\/index.php?rest_route=%2Fwp%2Fv2%2Fmedia&parent=21"}],"curies":[{"name":"wp","href":"https:\/\/api.w.org\/{rel}","templated":true}]}}